{"id":341,"date":"2016-03-15T14:31:38","date_gmt":"2016-03-15T14:31:38","guid":{"rendered":"http:\/\/okthemes.com\/villenoirdemo\/?page_id=341"},"modified":"2024-06-17T22:42:21","modified_gmt":"2024-06-17T22:42:21","slug":"o-nama","status":"publish","type":"page","link":"https:\/\/www.alchymiarakia.com\/de\/o-nama\/","title":{"rendered":"Unsere Geschichte"},"content":{"rendered":"<div data-vc-full-width=\"true\" data-vc-full-width-init=\"false\" class=\"vc_row wpb_row vc_row-fluid vc_custom_1460974692501 vc_row-has-fill\"><div class=\"wpb_column vc_column_container vc_col-sm-12\"><div class=\"vc_column-inner\"><div class=\"wpb_wrapper\">\n\t<div class=\"title-subtitle-box\" style=\" margin-bottom:90px; text-align: center;\">\n\t\t<p style=\"\">Alchymia<\/p>\n\t\t<h1 style=\" font-weight: normal;\" >Herstellung<\/h1>\n\t<\/div> <section id=\"cd-timeline\" class=\"cd-container horizontal\">\n\t<div class=\"cd-timeline-block\">\n\t\t<div class=\"cd-timeline-img cd-picture\">\n\t\t<img decoding=\"async\" src=\"https:\/\/www.alchymiarakia.com\/wp-content\/themes\/villenoir\/images\/cd-icon-location.svg\" alt=\"Location\">\n\t\t<\/div>\n\t\t<div class=\"cd-timeline-content\">\n\t\t <img decoding=\"async\" class=\"wp-post-image\" src=\"https:\/\/www.alchymiarakia.com\/wp-content\/uploads\/2024\/06\/O-nama-1-slika-odozgo-scaled.jpg\" alt=\"\" \/> \n\t\t<div class=\"cd-timeline-content-wrapper\">\n\t\t<p class=\"cd-title\">Unsere Destillerie<\/p>\n\t\t<p>Mala porodi\u010dna destilerija, osnovana 2020. godine sa idejom da proizvodi tradicionalne proizvode premium kvaliteta u ogranicenim kolicinama. U prvo vreme odlezavanje se odvijalo u baricima od srpskog hrasta kitnjaka, da bi se 2 godine kasnije poceli koristiti i barici od francuskog i americkog hrasta. Ukupan broj barika je trenutno 50.<\/p>\n\t\t<h4 class=\"cd-date\"><\/h4>\n\t\t<\/div>\n\t\t<\/div>\n\t<\/div>\n\t<div class=\"cd-timeline-block\">\n\t\t<div class=\"cd-timeline-img cd-picture\">\n\t\t<img decoding=\"async\" src=\"https:\/\/www.alchymiarakia.com\/wp-content\/themes\/villenoir\/images\/cd-icon-location.svg\" alt=\"Location\">\n\t\t<\/div>\n\t\t<div class=\"cd-timeline-content\">\n\t\t <img decoding=\"async\" class=\"wp-post-image\" src=\"https:\/\/www.alchymiarakia.com\/wp-content\/uploads\/2024\/06\/O-nama-2-slika-odozgo.jpg\" alt=\"\" \/> \n\t\t<div class=\"cd-timeline-content-wrapper\">\n\t\t<p class=\"cd-title\">Geruch<\/p>\n\t\t<p>Alchymia hat einen reinen Pflaumenduft mit einem Hauch von Honig. Es ist sehr trinkbar und hinterl\u00e4sst kein scharfes Gef\u00fchl im Mund.<\/p>\n\t\t<h4 class=\"cd-date\"><\/h4>\n\t\t<\/div>\n\t\t<\/div>\n\t<\/div>\n\t<div class=\"cd-timeline-block\">\n\t\t<div class=\"cd-timeline-img cd-picture\">\n\t\t<img decoding=\"async\" src=\"https:\/\/www.alchymiarakia.com\/wp-content\/themes\/villenoir\/images\/cd-icon-location.svg\" alt=\"Location\">\n\t\t<\/div>\n\t\t<div class=\"cd-timeline-content\">\n\t\t <img decoding=\"async\" class=\"wp-post-image\" src=\"https:\/\/www.alchymiarakia.com\/wp-content\/uploads\/2024\/06\/O-nama-3-slika-odozgo.jpg\" alt=\"\" \/> \n\t\t<div class=\"cd-timeline-content-wrapper\">\n\t\t<p class=\"cd-title\">Farbe<\/p>\n\t\t<p>Die Farbe der Alchymia Rakia ist goldgelb und kommt von der Reifung in Eichenf\u00e4ssern.<\/p>\n\t\t<h4 class=\"cd-date\"><\/h4>\n\t\t<\/div>\n\t\t<\/div>\n\t<\/div><\/section><\/div><\/div><\/div><\/div><div class=\"vc_row-full-width vc_clearfix\"><\/div>","protected":false},"excerpt":{"rendered":"Alchymia Proizvodnja Na\u0161a destilerija Mala porodi\u010dna destilerija, osnovana 2020. godine sa idejom da proizvodi tradicionalne proizvode premium kvaliteta u ogranicenim kolicinama. U prvo vreme odlezavanje se odvijalo u baricima od<br class=\"read-more-spacer\"> <a class=\"more-link\" href=\"https:\/\/www.alchymiarakia.com\/de\/o-nama\/\">Read More<\/a>","protected":false},"author":1,"featured_media":1464,"parent":0,"menu_order":0,"comment_status":"closed","ping_status":"closed","template":"","meta":{"_monsterinsights_skip_tracking":false,"_monsterinsights_sitenote_active":false,"_monsterinsights_sitenote_note":"","_monsterinsights_sitenote_category":0,"footnotes":""},"class_list":["post-341","page","type-page","status-publish","has-post-thumbnail","hentry"],"yoast_head":"<!-- This site is optimized with the Yoast SEO plugin v27.5 - https:\/\/yoast.com\/product\/yoast-seo-wordpress\/ -->\n<title>NA\u0160A PRI\u010cA | Alchymia rakija od najbolje sorte \u0161ljive<\/title>\n<meta name=\"description\" content=\"Od proizvodnje, do mirisa i boje Alchymia rakije. Saznajte ne\u0161to vi\u0161e o nama i na\u0161em putu do najkvalitetnije \u0161ljivovice.\" \/>\n<meta name=\"robots\" content=\"index, follow, max-snippet:-1, max-image-preview:large, max-video-preview:-1\" \/>\n<link rel=\"canonical\" href=\"https:\/\/www.alchymiarakia.com\/de\/o-nama\/\" \/>\n<meta property=\"og:locale\" content=\"de_DE\" \/>\n<meta property=\"og:type\" content=\"article\" \/>\n<meta property=\"og:title\" content=\"NA\u0160A PRI\u010cA | Alchymia rakija od najbolje sorte \u0161ljive\" \/>\n<meta property=\"og:description\" content=\"Od proizvodnje, do mirisa i boje Alchymia rakije. Saznajte ne\u0161to vi\u0161e o nama i na\u0161em putu do najkvalitetnije \u0161ljivovice.\" \/>\n<meta property=\"og:url\" content=\"https:\/\/www.alchymiarakia.com\/de\/o-nama\/\" \/>\n<meta property=\"og:site_name\" content=\"Alchymiarakia\" \/>\n<meta property=\"article:publisher\" content=\"https:\/\/www.facebook.com\/Alchymia-rakija-104273315172852\" \/>\n<meta property=\"article:modified_time\" content=\"2024-06-17T22:42:21+00:00\" \/>\n<meta property=\"og:image\" content=\"https:\/\/www.alchymiarakia.com\/wp-content\/uploads\/2021\/06\/Nasa-Prica-Alchymia-rakija-od-sljive.jpeg\" \/>\n\t<meta property=\"og:image:width\" content=\"1797\" \/>\n\t<meta property=\"og:image:height\" content=\"1200\" \/>\n\t<meta property=\"og:image:type\" content=\"image\/jpeg\" \/>\n<meta name=\"twitter:card\" content=\"summary_large_image\" \/>\n<meta name=\"twitter:title\" content=\"NA\u0160A PRI\u010cA | Alchymia rakija od najbolje sorte \u0161ljive\" \/>\n<meta name=\"twitter:description\" content=\"Od proizvodnje, do mirisa i boje Alchymia rakije. Saznajte ne\u0161to vi\u0161e o nama i na\u0161em putu do najkvalitetnije \u0161ljivovice.\" \/>\n<meta name=\"twitter:image\" content=\"https:\/\/www.alchymiarakia.com\/wp-content\/uploads\/2021\/06\/Nasa-Prica-Alchymia-rakija-od-sljive.jpeg\" \/>\n<meta name=\"twitter:label1\" content=\"Gesch\u00e4tzte Lesezeit\" \/>\n\t<meta name=\"twitter:data1\" content=\"1\u00a0Minute\" \/>\n<script type=\"application\/ld+json\" class=\"yoast-schema-graph\">{\"@context\":\"https:\\\/\\\/schema.org\",\"@graph\":[{\"@type\":\"WebPage\",\"@id\":\"https:\\\/\\\/www.alchymiarakia.com\\\/o-nama\\\/\",\"url\":\"https:\\\/\\\/www.alchymiarakia.com\\\/o-nama\\\/\",\"name\":\"NA\u0160A PRI\u010cA | Alchymia rakija od najbolje sorte \u0161ljive\",\"isPartOf\":{\"@id\":\"https:\\\/\\\/www.alchymiarakia.com\\\/#website\"},\"primaryImageOfPage\":{\"@id\":\"https:\\\/\\\/www.alchymiarakia.com\\\/o-nama\\\/#primaryimage\"},\"image\":{\"@id\":\"https:\\\/\\\/www.alchymiarakia.com\\\/o-nama\\\/#primaryimage\"},\"thumbnailUrl\":\"https:\\\/\\\/www.alchymiarakia.com\\\/wp-content\\\/uploads\\\/2021\\\/05\\\/alchymia-two-bottles-min.jpg\",\"datePublished\":\"2016-03-15T14:31:38+00:00\",\"dateModified\":\"2024-06-17T22:42:21+00:00\",\"description\":\"Od proizvodnje, do mirisa i boje Alchymia rakije. Saznajte ne\u0161to vi\u0161e o nama i na\u0161em putu do najkvalitetnije \u0161ljivovice.\",\"breadcrumb\":{\"@id\":\"https:\\\/\\\/www.alchymiarakia.com\\\/o-nama\\\/#breadcrumb\"},\"inLanguage\":\"de\",\"potentialAction\":[{\"@type\":\"ReadAction\",\"target\":[\"https:\\\/\\\/www.alchymiarakia.com\\\/o-nama\\\/\"]}]},{\"@type\":\"ImageObject\",\"inLanguage\":\"de\",\"@id\":\"https:\\\/\\\/www.alchymiarakia.com\\\/o-nama\\\/#primaryimage\",\"url\":\"https:\\\/\\\/www.alchymiarakia.com\\\/wp-content\\\/uploads\\\/2021\\\/05\\\/alchymia-two-bottles-min.jpg\",\"contentUrl\":\"https:\\\/\\\/www.alchymiarakia.com\\\/wp-content\\\/uploads\\\/2021\\\/05\\\/alchymia-two-bottles-min.jpg\",\"width\":1920,\"height\":829},{\"@type\":\"BreadcrumbList\",\"@id\":\"https:\\\/\\\/www.alchymiarakia.com\\\/o-nama\\\/#breadcrumb\",\"itemListElement\":[{\"@type\":\"ListItem\",\"position\":1,\"name\":\"\u041f\u043e\u0447\u0435\u0442\u043d\u0430\",\"item\":\"https:\\\/\\\/www.alchymiarakia.com\\\/\"},{\"@type\":\"ListItem\",\"position\":2,\"name\":\"Na\u0161a pri\u010da\"}]},{\"@type\":\"WebSite\",\"@id\":\"https:\\\/\\\/www.alchymiarakia.com\\\/#website\",\"url\":\"https:\\\/\\\/www.alchymiarakia.com\\\/\",\"name\":\"Alchymia\",\"description\":\"Izvor \u017eivota\",\"publisher\":{\"@id\":\"https:\\\/\\\/www.alchymiarakia.com\\\/#organization\"},\"potentialAction\":[{\"@type\":\"SearchAction\",\"target\":{\"@type\":\"EntryPoint\",\"urlTemplate\":\"https:\\\/\\\/www.alchymiarakia.com\\\/?s={search_term_string}\"},\"query-input\":{\"@type\":\"PropertyValueSpecification\",\"valueRequired\":true,\"valueName\":\"search_term_string\"}}],\"inLanguage\":\"de\"},{\"@type\":\"Organization\",\"@id\":\"https:\\\/\\\/www.alchymiarakia.com\\\/#organization\",\"name\":\"Alchymia\",\"url\":\"https:\\\/\\\/www.alchymiarakia.com\\\/\",\"logo\":{\"@type\":\"ImageObject\",\"inLanguage\":\"de\",\"@id\":\"https:\\\/\\\/www.alchymiarakia.com\\\/#\\\/schema\\\/logo\\\/image\\\/\",\"url\":\"https:\\\/\\\/www.alchymiarakia.com\\\/wp-content\\\/uploads\\\/2021\\\/05\\\/logo-alchimia-min-e1620556906744.png\",\"contentUrl\":\"https:\\\/\\\/www.alchymiarakia.com\\\/wp-content\\\/uploads\\\/2021\\\/05\\\/logo-alchimia-min-e1620556906744.png\",\"width\":324,\"height\":34,\"caption\":\"Alchymia\"},\"image\":{\"@id\":\"https:\\\/\\\/www.alchymiarakia.com\\\/#\\\/schema\\\/logo\\\/image\\\/\"},\"sameAs\":[\"https:\\\/\\\/www.facebook.com\\\/Alchymia-rakija-104273315172852\",\"https:\\\/\\\/www.instagram.com\\\/alchymiarakija\"]}]}<\/script>\n<!-- \/ Yoast SEO plugin. -->","yoast_head_json":{"title":"NA\u0160A PRI\u010cA | Alchymia rakija od najbolje sorte \u0161ljive","description":"Od proizvodnje, do mirisa i boje Alchymia rakije. Saznajte ne\u0161to vi\u0161e o nama i na\u0161em putu do najkvalitetnije \u0161ljivovice.","robots":{"index":"index","follow":"follow","max-snippet":"max-snippet:-1","max-image-preview":"max-image-preview:large","max-video-preview":"max-video-preview:-1"},"canonical":"https:\/\/www.alchymiarakia.com\/de\/o-nama\/","og_locale":"de_DE","og_type":"article","og_title":"NA\u0160A PRI\u010cA | Alchymia rakija od najbolje sorte \u0161ljive","og_description":"Od proizvodnje, do mirisa i boje Alchymia rakije. Saznajte ne\u0161to vi\u0161e o nama i na\u0161em putu do najkvalitetnije \u0161ljivovice.","og_url":"https:\/\/www.alchymiarakia.com\/de\/o-nama\/","og_site_name":"Alchymiarakia","article_publisher":"https:\/\/www.facebook.com\/Alchymia-rakija-104273315172852","article_modified_time":"2024-06-17T22:42:21+00:00","og_image":[{"width":1797,"height":1200,"url":"https:\/\/www.alchymiarakia.com\/wp-content\/uploads\/2021\/06\/Nasa-Prica-Alchymia-rakija-od-sljive.jpeg","type":"image\/jpeg"}],"twitter_card":"summary_large_image","twitter_title":"NA\u0160A PRI\u010cA | Alchymia rakija od najbolje sorte \u0161ljive","twitter_description":"Od proizvodnje, do mirisa i boje Alchymia rakije. Saznajte ne\u0161to vi\u0161e o nama i na\u0161em putu do najkvalitetnije \u0161ljivovice.","twitter_image":"https:\/\/www.alchymiarakia.com\/wp-content\/uploads\/2021\/06\/Nasa-Prica-Alchymia-rakija-od-sljive.jpeg","twitter_misc":{"Gesch\u00e4tzte Lesezeit":"1\u00a0Minute"},"schema":{"@context":"https:\/\/schema.org","@graph":[{"@type":"WebPage","@id":"https:\/\/www.alchymiarakia.com\/o-nama\/","url":"https:\/\/www.alchymiarakia.com\/o-nama\/","name":"NA\u0160A PRI\u010cA | Alchymia rakija od najbolje sorte \u0161ljive","isPartOf":{"@id":"https:\/\/www.alchymiarakia.com\/#website"},"primaryImageOfPage":{"@id":"https:\/\/www.alchymiarakia.com\/o-nama\/#primaryimage"},"image":{"@id":"https:\/\/www.alchymiarakia.com\/o-nama\/#primaryimage"},"thumbnailUrl":"https:\/\/www.alchymiarakia.com\/wp-content\/uploads\/2021\/05\/alchymia-two-bottles-min.jpg","datePublished":"2016-03-15T14:31:38+00:00","dateModified":"2024-06-17T22:42:21+00:00","description":"Od proizvodnje, do mirisa i boje Alchymia rakije. Saznajte ne\u0161to vi\u0161e o nama i na\u0161em putu do najkvalitetnije \u0161ljivovice.","breadcrumb":{"@id":"https:\/\/www.alchymiarakia.com\/o-nama\/#breadcrumb"},"inLanguage":"de","potentialAction":[{"@type":"ReadAction","target":["https:\/\/www.alchymiarakia.com\/o-nama\/"]}]},{"@type":"ImageObject","inLanguage":"de","@id":"https:\/\/www.alchymiarakia.com\/o-nama\/#primaryimage","url":"https:\/\/www.alchymiarakia.com\/wp-content\/uploads\/2021\/05\/alchymia-two-bottles-min.jpg","contentUrl":"https:\/\/www.alchymiarakia.com\/wp-content\/uploads\/2021\/05\/alchymia-two-bottles-min.jpg","width":1920,"height":829},{"@type":"BreadcrumbList","@id":"https:\/\/www.alchymiarakia.com\/o-nama\/#breadcrumb","itemListElement":[{"@type":"ListItem","position":1,"name":"\u041f\u043e\u0447\u0435\u0442\u043d\u0430","item":"https:\/\/www.alchymiarakia.com\/"},{"@type":"ListItem","position":2,"name":"Na\u0161a pri\u010da"}]},{"@type":"WebSite","@id":"https:\/\/www.alchymiarakia.com\/#website","url":"https:\/\/www.alchymiarakia.com\/","name":"Alchymia","description":"Izvor \u017eivota","publisher":{"@id":"https:\/\/www.alchymiarakia.com\/#organization"},"potentialAction":[{"@type":"SearchAction","target":{"@type":"EntryPoint","urlTemplate":"https:\/\/www.alchymiarakia.com\/?s={search_term_string}"},"query-input":{"@type":"PropertyValueSpecification","valueRequired":true,"valueName":"search_term_string"}}],"inLanguage":"de"},{"@type":"Organization","@id":"https:\/\/www.alchymiarakia.com\/#organization","name":"Alchymia","url":"https:\/\/www.alchymiarakia.com\/","logo":{"@type":"ImageObject","inLanguage":"de","@id":"https:\/\/www.alchymiarakia.com\/#\/schema\/logo\/image\/","url":"https:\/\/www.alchymiarakia.com\/wp-content\/uploads\/2021\/05\/logo-alchimia-min-e1620556906744.png","contentUrl":"https:\/\/www.alchymiarakia.com\/wp-content\/uploads\/2021\/05\/logo-alchimia-min-e1620556906744.png","width":324,"height":34,"caption":"Alchymia"},"image":{"@id":"https:\/\/www.alchymiarakia.com\/#\/schema\/logo\/image\/"},"sameAs":["https:\/\/www.facebook.com\/Alchymia-rakija-104273315172852","https:\/\/www.instagram.com\/alchymiarakija"]}]}},"_links":{"self":[{"href":"https:\/\/www.alchymiarakia.com\/de\/wp-json\/wp\/v2\/pages\/341","targetHints":{"allow":["GET"]}}],"collection":[{"href":"https:\/\/www.alchymiarakia.com\/de\/wp-json\/wp\/v2\/pages"}],"about":[{"href":"https:\/\/www.alchymiarakia.com\/de\/wp-json\/wp\/v2\/types\/page"}],"author":[{"embeddable":true,"href":"https:\/\/www.alchymiarakia.com\/de\/wp-json\/wp\/v2\/users\/1"}],"replies":[{"embeddable":true,"href":"https:\/\/www.alchymiarakia.com\/de\/wp-json\/wp\/v2\/comments?post=341"}],"version-history":[{"count":21,"href":"https:\/\/www.alchymiarakia.com\/de\/wp-json\/wp\/v2\/pages\/341\/revisions"}],"predecessor-version":[{"id":1699,"href":"https:\/\/www.alchymiarakia.com\/de\/wp-json\/wp\/v2\/pages\/341\/revisions\/1699"}],"wp:featuredmedia":[{"embeddable":true,"href":"https:\/\/www.alchymiarakia.com\/de\/wp-json\/wp\/v2\/media\/1464"}],"wp:attachment":[{"href":"https:\/\/www.alchymiarakia.com\/de\/wp-json\/wp\/v2\/media?parent=341"}],"curies":[{"name":"wp","href":"https:\/\/api.w.org\/{rel}","templated":true}]}}