{"id":1633,"date":"2021-12-12T18:48:13","date_gmt":"2021-12-12T18:48:13","guid":{"rendered":"https:\/\/www.alchymiarakia.com\/?post_type=product&#038;p=1633"},"modified":"2024-06-17T22:36:26","modified_gmt":"2024-06-17T22:36:26","slug":"alchymia-kruska","status":"publish","type":"product","link":"https:\/\/www.alchymiarakia.com\/de\/product\/alchymia-kruska\/","title":{"rendered":"Alchymia &#8211; kru\u0161ka"},"content":{"rendered":"","protected":false},"excerpt":{"rendered":"<p>Eine limitierte Serie der Birnen Rakia f\u00fcr wahre Liebhaber. Auf traditionelle Weise aus der Birnensorte abate vetel gewonnen. Ohne Zusatzstoffe, 100 % nat\u00fcrliche Birnen Rakia.<\/p>","protected":false},"featured_media":1688,"comment_status":"open","ping_status":"closed","template":"","meta":{"_monsterinsights_skip_tracking":false,"_monsterinsights_sitenote_active":false,"_monsterinsights_sitenote_note":"","_monsterinsights_sitenote_category":0},"product_brand":[],"product_cat":[15],"product_tag":[],"class_list":{"0":"post-1633","1":"product","2":"type-product","3":"status-publish","4":"has-post-thumbnail","6":"product_cat-uncategorized","7":"product_shipping_class-postexpress","9":"first","10":"instock","11":"shipping-taxable","12":"purchasable","13":"product-type-simple"},"yoast_head":"<!-- This site is optimized with the Yoast SEO plugin v27.5 - https:\/\/yoast.com\/product\/yoast-seo-wordpress\/ -->\n<title>Alchymia - kru\u0161ka | Alchymiarakia<\/title>\n<meta name=\"description\" content=\"Ograni\u010dena serija rakije od kru\u0161ke za prave ljubitelje ovakve vo\u0107ne rakije. Dobijena na tradicionalni na\u010din od kru\u0161ke sorte abate fetel. Bez ikakvih dodataka, 100% prirodna rakija od kru\u0161ke.\" \/>\n<meta name=\"robots\" content=\"index, follow, max-snippet:-1, max-image-preview:large, max-video-preview:-1\" \/>\n<link rel=\"canonical\" href=\"https:\/\/www.alchymiarakia.com\/de\/product\/alchymia-kruska\/\" \/>\n<meta property=\"og:locale\" content=\"de_DE\" \/>\n<meta property=\"og:type\" content=\"article\" \/>\n<meta property=\"og:title\" content=\"Alchymia - kru\u0161ka | Alchymiarakia\" \/>\n<meta property=\"og:description\" content=\"Ograni\u010dena serija rakije od kru\u0161ke za prave ljubitelje ovakve vo\u0107ne rakije. Dobijena na tradicionalni na\u010din od kru\u0161ke sorte abate fetel. Bez ikakvih dodataka, 100% prirodna rakija od kru\u0161ke.\" \/>\n<meta property=\"og:url\" content=\"https:\/\/www.alchymiarakia.com\/de\/product\/alchymia-kruska\/\" \/>\n<meta property=\"og:site_name\" content=\"Alchymiarakia\" \/>\n<meta property=\"article:publisher\" content=\"https:\/\/www.facebook.com\/Alchymia-rakija-104273315172852\" \/>\n<meta property=\"article:modified_time\" content=\"2024-06-17T22:36:26+00:00\" \/>\n<meta property=\"og:image\" content=\"https:\/\/www.alchymiarakia.com\/wp-content\/uploads\/2024\/06\/Prodavnica-Kruska.jpg\" \/>\n\t<meta property=\"og:image:width\" content=\"1094\" \/>\n\t<meta property=\"og:image:height\" content=\"1642\" \/>\n\t<meta property=\"og:image:type\" content=\"image\/jpeg\" \/>\n<meta name=\"twitter:card\" content=\"summary_large_image\" \/>\n<script type=\"application\/ld+json\" class=\"yoast-schema-graph\">{\"@context\":\"https:\\\/\\\/schema.org\",\"@graph\":[{\"@type\":\"WebPage\",\"@id\":\"https:\\\/\\\/www.alchymiarakia.com\\\/product\\\/alchymia-kruska\\\/\",\"url\":\"https:\\\/\\\/www.alchymiarakia.com\\\/product\\\/alchymia-kruska\\\/\",\"name\":\"Alchymia - kru\u0161ka | Alchymiarakia\",\"isPartOf\":{\"@id\":\"https:\\\/\\\/www.alchymiarakia.com\\\/#website\"},\"primaryImageOfPage\":{\"@id\":\"https:\\\/\\\/www.alchymiarakia.com\\\/product\\\/alchymia-kruska\\\/#primaryimage\"},\"image\":{\"@id\":\"https:\\\/\\\/www.alchymiarakia.com\\\/product\\\/alchymia-kruska\\\/#primaryimage\"},\"thumbnailUrl\":\"https:\\\/\\\/www.alchymiarakia.com\\\/wp-content\\\/uploads\\\/2024\\\/06\\\/Prodavnica-Kruska.jpg\",\"datePublished\":\"2021-12-12T18:48:13+00:00\",\"dateModified\":\"2024-06-17T22:36:26+00:00\",\"description\":\"Ograni\u010dena serija rakije od kru\u0161ke za prave ljubitelje ovakve vo\u0107ne rakije. Dobijena na tradicionalni na\u010din od kru\u0161ke sorte abate fetel. Bez ikakvih dodataka, 100% prirodna rakija od kru\u0161ke.\",\"breadcrumb\":{\"@id\":\"https:\\\/\\\/www.alchymiarakia.com\\\/product\\\/alchymia-kruska\\\/#breadcrumb\"},\"inLanguage\":\"de\",\"potentialAction\":[{\"@type\":\"ReadAction\",\"target\":[\"https:\\\/\\\/www.alchymiarakia.com\\\/product\\\/alchymia-kruska\\\/\"]}]},{\"@type\":\"ImageObject\",\"inLanguage\":\"de\",\"@id\":\"https:\\\/\\\/www.alchymiarakia.com\\\/product\\\/alchymia-kruska\\\/#primaryimage\",\"url\":\"https:\\\/\\\/www.alchymiarakia.com\\\/wp-content\\\/uploads\\\/2024\\\/06\\\/Prodavnica-Kruska.jpg\",\"contentUrl\":\"https:\\\/\\\/www.alchymiarakia.com\\\/wp-content\\\/uploads\\\/2024\\\/06\\\/Prodavnica-Kruska.jpg\",\"width\":1094,\"height\":1642},{\"@type\":\"BreadcrumbList\",\"@id\":\"https:\\\/\\\/www.alchymiarakia.com\\\/product\\\/alchymia-kruska\\\/#breadcrumb\",\"itemListElement\":[{\"@type\":\"ListItem\",\"position\":1,\"name\":\"\u041f\u043e\u0447\u0435\u0442\u043d\u0430\",\"item\":\"https:\\\/\\\/www.alchymiarakia.com\\\/\"},{\"@type\":\"ListItem\",\"position\":2,\"name\":\"PRODAJA\",\"item\":\"https:\\\/\\\/www.alchymiarakia.com\\\/prodaja\\\/\"},{\"@type\":\"ListItem\",\"position\":3,\"name\":\"Alchymia &#8211; kru\u0161ka\"}]},{\"@type\":\"WebSite\",\"@id\":\"https:\\\/\\\/www.alchymiarakia.com\\\/#website\",\"url\":\"https:\\\/\\\/www.alchymiarakia.com\\\/\",\"name\":\"Alchymia\",\"description\":\"Izvor \u017eivota\",\"publisher\":{\"@id\":\"https:\\\/\\\/www.alchymiarakia.com\\\/#organization\"},\"potentialAction\":[{\"@type\":\"SearchAction\",\"target\":{\"@type\":\"EntryPoint\",\"urlTemplate\":\"https:\\\/\\\/www.alchymiarakia.com\\\/?s={search_term_string}\"},\"query-input\":{\"@type\":\"PropertyValueSpecification\",\"valueRequired\":true,\"valueName\":\"search_term_string\"}}],\"inLanguage\":\"de\"},{\"@type\":\"Organization\",\"@id\":\"https:\\\/\\\/www.alchymiarakia.com\\\/#organization\",\"name\":\"Alchymia\",\"url\":\"https:\\\/\\\/www.alchymiarakia.com\\\/\",\"logo\":{\"@type\":\"ImageObject\",\"inLanguage\":\"de\",\"@id\":\"https:\\\/\\\/www.alchymiarakia.com\\\/#\\\/schema\\\/logo\\\/image\\\/\",\"url\":\"https:\\\/\\\/www.alchymiarakia.com\\\/wp-content\\\/uploads\\\/2021\\\/05\\\/logo-alchimia-min-e1620556906744.png\",\"contentUrl\":\"https:\\\/\\\/www.alchymiarakia.com\\\/wp-content\\\/uploads\\\/2021\\\/05\\\/logo-alchimia-min-e1620556906744.png\",\"width\":324,\"height\":34,\"caption\":\"Alchymia\"},\"image\":{\"@id\":\"https:\\\/\\\/www.alchymiarakia.com\\\/#\\\/schema\\\/logo\\\/image\\\/\"},\"sameAs\":[\"https:\\\/\\\/www.facebook.com\\\/Alchymia-rakija-104273315172852\",\"https:\\\/\\\/www.instagram.com\\\/alchymiarakija\"]}]}<\/script>\n<!-- \/ Yoast SEO plugin. -->","yoast_head_json":{"title":"Alchymia - kru\u0161ka | Alchymiarakia","description":"Eine limitierte Serie der Birnen Rakia f\u00fcr wahre Liebhaber. Auf traditionelle Weise aus der Birnensorte abate vetel gewonnen. Ohne Zusatzstoffe, 100 % nat\u00fcrliche Birnen Rakia.","robots":{"index":"index","follow":"follow","max-snippet":"max-snippet:-1","max-image-preview":"max-image-preview:large","max-video-preview":"max-video-preview:-1"},"canonical":"https:\/\/www.alchymiarakia.com\/de\/product\/alchymia-kruska\/","og_locale":"de_DE","og_type":"article","og_title":"Alchymia - kru\u0161ka | Alchymiarakia","og_description":"Ograni\u010dena serija rakije od kru\u0161ke za prave ljubitelje ovakve vo\u0107ne rakije. Dobijena na tradicionalni na\u010din od kru\u0161ke sorte abate fetel. Bez ikakvih dodataka, 100% prirodna rakija od kru\u0161ke.","og_url":"https:\/\/www.alchymiarakia.com\/de\/product\/alchymia-kruska\/","og_site_name":"Alchymiarakia","article_publisher":"https:\/\/www.facebook.com\/Alchymia-rakija-104273315172852","article_modified_time":"2024-06-17T22:36:26+00:00","og_image":[{"width":1094,"height":1642,"url":"https:\/\/www.alchymiarakia.com\/wp-content\/uploads\/2024\/06\/Prodavnica-Kruska.jpg","type":"image\/jpeg"}],"twitter_card":"summary_large_image","schema":{"@context":"https:\/\/schema.org","@graph":[{"@type":"WebPage","@id":"https:\/\/www.alchymiarakia.com\/product\/alchymia-kruska\/","url":"https:\/\/www.alchymiarakia.com\/product\/alchymia-kruska\/","name":"Alchymia - kru\u0161ka | Alchymiarakia","isPartOf":{"@id":"https:\/\/www.alchymiarakia.com\/#website"},"primaryImageOfPage":{"@id":"https:\/\/www.alchymiarakia.com\/product\/alchymia-kruska\/#primaryimage"},"image":{"@id":"https:\/\/www.alchymiarakia.com\/product\/alchymia-kruska\/#primaryimage"},"thumbnailUrl":"https:\/\/www.alchymiarakia.com\/wp-content\/uploads\/2024\/06\/Prodavnica-Kruska.jpg","datePublished":"2021-12-12T18:48:13+00:00","dateModified":"2024-06-17T22:36:26+00:00","description":"Eine limitierte Serie der Birnen Rakia f\u00fcr wahre Liebhaber. Auf traditionelle Weise aus der Birnensorte abate vetel gewonnen. Ohne Zusatzstoffe, 100 % nat\u00fcrliche Birnen Rakia.","breadcrumb":{"@id":"https:\/\/www.alchymiarakia.com\/product\/alchymia-kruska\/#breadcrumb"},"inLanguage":"de","potentialAction":[{"@type":"ReadAction","target":["https:\/\/www.alchymiarakia.com\/product\/alchymia-kruska\/"]}]},{"@type":"ImageObject","inLanguage":"de","@id":"https:\/\/www.alchymiarakia.com\/product\/alchymia-kruska\/#primaryimage","url":"https:\/\/www.alchymiarakia.com\/wp-content\/uploads\/2024\/06\/Prodavnica-Kruska.jpg","contentUrl":"https:\/\/www.alchymiarakia.com\/wp-content\/uploads\/2024\/06\/Prodavnica-Kruska.jpg","width":1094,"height":1642},{"@type":"BreadcrumbList","@id":"https:\/\/www.alchymiarakia.com\/product\/alchymia-kruska\/#breadcrumb","itemListElement":[{"@type":"ListItem","position":1,"name":"\u041f\u043e\u0447\u0435\u0442\u043d\u0430","item":"https:\/\/www.alchymiarakia.com\/"},{"@type":"ListItem","position":2,"name":"PRODAJA","item":"https:\/\/www.alchymiarakia.com\/prodaja\/"},{"@type":"ListItem","position":3,"name":"Alchymia &#8211; kru\u0161ka"}]},{"@type":"WebSite","@id":"https:\/\/www.alchymiarakia.com\/#website","url":"https:\/\/www.alchymiarakia.com\/","name":"Alchymia","description":"Izvor \u017eivota","publisher":{"@id":"https:\/\/www.alchymiarakia.com\/#organization"},"potentialAction":[{"@type":"SearchAction","target":{"@type":"EntryPoint","urlTemplate":"https:\/\/www.alchymiarakia.com\/?s={search_term_string}"},"query-input":{"@type":"PropertyValueSpecification","valueRequired":true,"valueName":"search_term_string"}}],"inLanguage":"de"},{"@type":"Organization","@id":"https:\/\/www.alchymiarakia.com\/#organization","name":"Alchymia","url":"https:\/\/www.alchymiarakia.com\/","logo":{"@type":"ImageObject","inLanguage":"de","@id":"https:\/\/www.alchymiarakia.com\/#\/schema\/logo\/image\/","url":"https:\/\/www.alchymiarakia.com\/wp-content\/uploads\/2021\/05\/logo-alchimia-min-e1620556906744.png","contentUrl":"https:\/\/www.alchymiarakia.com\/wp-content\/uploads\/2021\/05\/logo-alchimia-min-e1620556906744.png","width":324,"height":34,"caption":"Alchymia"},"image":{"@id":"https:\/\/www.alchymiarakia.com\/#\/schema\/logo\/image\/"},"sameAs":["https:\/\/www.facebook.com\/Alchymia-rakija-104273315172852","https:\/\/www.instagram.com\/alchymiarakija"]}]}},"_links":{"self":[{"href":"https:\/\/www.alchymiarakia.com\/de\/wp-json\/wp\/v2\/product\/1633","targetHints":{"allow":["GET"]}}],"collection":[{"href":"https:\/\/www.alchymiarakia.com\/de\/wp-json\/wp\/v2\/product"}],"about":[{"href":"https:\/\/www.alchymiarakia.com\/de\/wp-json\/wp\/v2\/types\/product"}],"replies":[{"embeddable":true,"href":"https:\/\/www.alchymiarakia.com\/de\/wp-json\/wp\/v2\/comments?post=1633"}],"wp:featuredmedia":[{"embeddable":true,"href":"https:\/\/www.alchymiarakia.com\/de\/wp-json\/wp\/v2\/media\/1688"}],"wp:attachment":[{"href":"https:\/\/www.alchymiarakia.com\/de\/wp-json\/wp\/v2\/media?parent=1633"}],"wp:term":[{"taxonomy":"product_brand","embeddable":true,"href":"https:\/\/www.alchymiarakia.com\/de\/wp-json\/wp\/v2\/product_brand?post=1633"},{"taxonomy":"product_cat","embeddable":true,"href":"https:\/\/www.alchymiarakia.com\/de\/wp-json\/wp\/v2\/product_cat?post=1633"},{"taxonomy":"product_tag","embeddable":true,"href":"https:\/\/www.alchymiarakia.com\/de\/wp-json\/wp\/v2\/product_tag?post=1633"}],"curies":[{"name":"wp","href":"https:\/\/api.w.org\/{rel}","templated":true}]}}