{"id":1697,"date":"2024-06-17T22:20:09","date_gmt":"2024-06-17T22:20:09","guid":{"rendered":"https:\/\/www.alchymiarakia.com\/?post_type=product&#038;p=1697"},"modified":"2024-06-19T22:02:40","modified_gmt":"2024-06-19T22:02:40","slug":"alchymia-viljamovka","status":"publish","type":"product","link":"https:\/\/www.alchymiarakia.com\/en\/product\/alchymia-viljamovka\/","title":{"rendered":"Alchymia \u2013 viljamovka"},"content":{"rendered":"","protected":false},"excerpt":{"rendered":"<p>Rakija od vilijamovke se dobija na tradicionalan na\u010din, dvostrukom destilacijom kru\u0161ke vilijamovke sa juga Srbije. Godi\u0161nja proizvodnja je do 1.000 boca.<\/p>","protected":false},"featured_media":1686,"comment_status":"open","ping_status":"closed","template":"","meta":{"_monsterinsights_skip_tracking":false,"_monsterinsights_sitenote_active":false,"_monsterinsights_sitenote_note":"","_monsterinsights_sitenote_category":0},"product_brand":[],"product_cat":[15],"product_tag":[],"class_list":{"0":"post-1697","1":"product","2":"type-product","3":"status-publish","4":"has-post-thumbnail","6":"product_cat-uncategorized","8":"first","9":"instock","10":"shipping-taxable","11":"purchasable","12":"product-type-simple"},"yoast_head":"<!-- This site is optimized with the Yoast SEO plugin v27.5 - https:\/\/yoast.com\/product\/yoast-seo-wordpress\/ -->\n<title>Alchymia \u2013 viljamovka | Alchymiarakia<\/title>\n<meta name=\"description\" content=\"Rakija od vilijamovke se dobija na tradicionalan na\u010din, dvostrukom destilacijom kru\u0161ke vilijamovke sa juga Srbije. Godi\u0161nja proizvodnja je do 1.000 boca.\" \/>\n<meta name=\"robots\" content=\"index, follow, max-snippet:-1, max-image-preview:large, max-video-preview:-1\" \/>\n<link rel=\"canonical\" href=\"https:\/\/www.alchymiarakia.com\/en\/product\/alchymia-viljamovka\/\" \/>\n<meta property=\"og:locale\" content=\"en_US\" \/>\n<meta property=\"og:type\" content=\"article\" \/>\n<meta property=\"og:title\" content=\"Alchymia \u2013 viljamovka | Alchymiarakia\" \/>\n<meta property=\"og:description\" content=\"Rakija od vilijamovke se dobija na tradicionalan na\u010din, dvostrukom destilacijom kru\u0161ke vilijamovke sa juga Srbije. Godi\u0161nja proizvodnja je do 1.000 boca.\" \/>\n<meta property=\"og:url\" content=\"https:\/\/www.alchymiarakia.com\/en\/product\/alchymia-viljamovka\/\" \/>\n<meta property=\"og:site_name\" content=\"Alchymiarakia\" \/>\n<meta property=\"article:publisher\" content=\"https:\/\/www.facebook.com\/Alchymia-rakija-104273315172852\" \/>\n<meta property=\"article:modified_time\" content=\"2024-06-19T22:02:40+00:00\" \/>\n<meta property=\"og:image\" content=\"https:\/\/www.alchymiarakia.com\/wp-content\/uploads\/2024\/06\/Prodavnica-Viljamovka.jpg\" \/>\n\t<meta property=\"og:image:width\" content=\"1094\" \/>\n\t<meta property=\"og:image:height\" content=\"1642\" \/>\n\t<meta property=\"og:image:type\" content=\"image\/jpeg\" \/>\n<meta name=\"twitter:card\" content=\"summary_large_image\" \/>\n<script type=\"application\/ld+json\" class=\"yoast-schema-graph\">{\"@context\":\"https:\\\/\\\/schema.org\",\"@graph\":[{\"@type\":\"WebPage\",\"@id\":\"https:\\\/\\\/www.alchymiarakia.com\\\/product\\\/alchymia-viljamovka\\\/\",\"url\":\"https:\\\/\\\/www.alchymiarakia.com\\\/product\\\/alchymia-viljamovka\\\/\",\"name\":\"Alchymia \u2013 viljamovka | Alchymiarakia\",\"isPartOf\":{\"@id\":\"https:\\\/\\\/www.alchymiarakia.com\\\/#website\"},\"primaryImageOfPage\":{\"@id\":\"https:\\\/\\\/www.alchymiarakia.com\\\/product\\\/alchymia-viljamovka\\\/#primaryimage\"},\"image\":{\"@id\":\"https:\\\/\\\/www.alchymiarakia.com\\\/product\\\/alchymia-viljamovka\\\/#primaryimage\"},\"thumbnailUrl\":\"https:\\\/\\\/www.alchymiarakia.com\\\/wp-content\\\/uploads\\\/2024\\\/06\\\/Prodavnica-Viljamovka.jpg\",\"datePublished\":\"2024-06-17T22:20:09+00:00\",\"dateModified\":\"2024-06-19T22:02:40+00:00\",\"description\":\"Rakija od vilijamovke se dobija na tradicionalan na\u010din, dvostrukom destilacijom kru\u0161ke vilijamovke sa juga Srbije. Godi\u0161nja proizvodnja je do 1.000 boca.\",\"breadcrumb\":{\"@id\":\"https:\\\/\\\/www.alchymiarakia.com\\\/product\\\/alchymia-viljamovka\\\/#breadcrumb\"},\"inLanguage\":\"en-US\",\"potentialAction\":[{\"@type\":\"ReadAction\",\"target\":[\"https:\\\/\\\/www.alchymiarakia.com\\\/product\\\/alchymia-viljamovka\\\/\"]}]},{\"@type\":\"ImageObject\",\"inLanguage\":\"en-US\",\"@id\":\"https:\\\/\\\/www.alchymiarakia.com\\\/product\\\/alchymia-viljamovka\\\/#primaryimage\",\"url\":\"https:\\\/\\\/www.alchymiarakia.com\\\/wp-content\\\/uploads\\\/2024\\\/06\\\/Prodavnica-Viljamovka.jpg\",\"contentUrl\":\"https:\\\/\\\/www.alchymiarakia.com\\\/wp-content\\\/uploads\\\/2024\\\/06\\\/Prodavnica-Viljamovka.jpg\",\"width\":1094,\"height\":1642},{\"@type\":\"BreadcrumbList\",\"@id\":\"https:\\\/\\\/www.alchymiarakia.com\\\/product\\\/alchymia-viljamovka\\\/#breadcrumb\",\"itemListElement\":[{\"@type\":\"ListItem\",\"position\":1,\"name\":\"\u041f\u043e\u0447\u0435\u0442\u043d\u0430\",\"item\":\"https:\\\/\\\/www.alchymiarakia.com\\\/\"},{\"@type\":\"ListItem\",\"position\":2,\"name\":\"PRODAJA\",\"item\":\"https:\\\/\\\/www.alchymiarakia.com\\\/prodaja\\\/\"},{\"@type\":\"ListItem\",\"position\":3,\"name\":\"Alchymia \u2013 viljamovka\"}]},{\"@type\":\"WebSite\",\"@id\":\"https:\\\/\\\/www.alchymiarakia.com\\\/#website\",\"url\":\"https:\\\/\\\/www.alchymiarakia.com\\\/\",\"name\":\"Alchymia\",\"description\":\"Izvor \u017eivota\",\"publisher\":{\"@id\":\"https:\\\/\\\/www.alchymiarakia.com\\\/#organization\"},\"potentialAction\":[{\"@type\":\"SearchAction\",\"target\":{\"@type\":\"EntryPoint\",\"urlTemplate\":\"https:\\\/\\\/www.alchymiarakia.com\\\/?s={search_term_string}\"},\"query-input\":{\"@type\":\"PropertyValueSpecification\",\"valueRequired\":true,\"valueName\":\"search_term_string\"}}],\"inLanguage\":\"en-US\"},{\"@type\":\"Organization\",\"@id\":\"https:\\\/\\\/www.alchymiarakia.com\\\/#organization\",\"name\":\"Alchymia\",\"url\":\"https:\\\/\\\/www.alchymiarakia.com\\\/\",\"logo\":{\"@type\":\"ImageObject\",\"inLanguage\":\"en-US\",\"@id\":\"https:\\\/\\\/www.alchymiarakia.com\\\/#\\\/schema\\\/logo\\\/image\\\/\",\"url\":\"https:\\\/\\\/www.alchymiarakia.com\\\/wp-content\\\/uploads\\\/2021\\\/05\\\/logo-alchimia-min-e1620556906744.png\",\"contentUrl\":\"https:\\\/\\\/www.alchymiarakia.com\\\/wp-content\\\/uploads\\\/2021\\\/05\\\/logo-alchimia-min-e1620556906744.png\",\"width\":324,\"height\":34,\"caption\":\"Alchymia\"},\"image\":{\"@id\":\"https:\\\/\\\/www.alchymiarakia.com\\\/#\\\/schema\\\/logo\\\/image\\\/\"},\"sameAs\":[\"https:\\\/\\\/www.facebook.com\\\/Alchymia-rakija-104273315172852\",\"https:\\\/\\\/www.instagram.com\\\/alchymiarakija\"]}]}<\/script>\n<!-- \/ Yoast SEO plugin. -->","yoast_head_json":{"title":"Alchymia \u2013 viljamovka | Alchymiarakia","description":"Rakija od vilijamovke se dobija na tradicionalan na\u010din, dvostrukom destilacijom kru\u0161ke vilijamovke sa juga Srbije. Godi\u0161nja proizvodnja je do 1.000 boca.","robots":{"index":"index","follow":"follow","max-snippet":"max-snippet:-1","max-image-preview":"max-image-preview:large","max-video-preview":"max-video-preview:-1"},"canonical":"https:\/\/www.alchymiarakia.com\/en\/product\/alchymia-viljamovka\/","og_locale":"en_US","og_type":"article","og_title":"Alchymia \u2013 viljamovka | Alchymiarakia","og_description":"Rakija od vilijamovke se dobija na tradicionalan na\u010din, dvostrukom destilacijom kru\u0161ke vilijamovke sa juga Srbije. Godi\u0161nja proizvodnja je do 1.000 boca.","og_url":"https:\/\/www.alchymiarakia.com\/en\/product\/alchymia-viljamovka\/","og_site_name":"Alchymiarakia","article_publisher":"https:\/\/www.facebook.com\/Alchymia-rakija-104273315172852","article_modified_time":"2024-06-19T22:02:40+00:00","og_image":[{"width":1094,"height":1642,"url":"https:\/\/www.alchymiarakia.com\/wp-content\/uploads\/2024\/06\/Prodavnica-Viljamovka.jpg","type":"image\/jpeg"}],"twitter_card":"summary_large_image","schema":{"@context":"https:\/\/schema.org","@graph":[{"@type":"WebPage","@id":"https:\/\/www.alchymiarakia.com\/product\/alchymia-viljamovka\/","url":"https:\/\/www.alchymiarakia.com\/product\/alchymia-viljamovka\/","name":"Alchymia \u2013 viljamovka | Alchymiarakia","isPartOf":{"@id":"https:\/\/www.alchymiarakia.com\/#website"},"primaryImageOfPage":{"@id":"https:\/\/www.alchymiarakia.com\/product\/alchymia-viljamovka\/#primaryimage"},"image":{"@id":"https:\/\/www.alchymiarakia.com\/product\/alchymia-viljamovka\/#primaryimage"},"thumbnailUrl":"https:\/\/www.alchymiarakia.com\/wp-content\/uploads\/2024\/06\/Prodavnica-Viljamovka.jpg","datePublished":"2024-06-17T22:20:09+00:00","dateModified":"2024-06-19T22:02:40+00:00","description":"Rakija od vilijamovke se dobija na tradicionalan na\u010din, dvostrukom destilacijom kru\u0161ke vilijamovke sa juga Srbije. Godi\u0161nja proizvodnja je do 1.000 boca.","breadcrumb":{"@id":"https:\/\/www.alchymiarakia.com\/product\/alchymia-viljamovka\/#breadcrumb"},"inLanguage":"en-US","potentialAction":[{"@type":"ReadAction","target":["https:\/\/www.alchymiarakia.com\/product\/alchymia-viljamovka\/"]}]},{"@type":"ImageObject","inLanguage":"en-US","@id":"https:\/\/www.alchymiarakia.com\/product\/alchymia-viljamovka\/#primaryimage","url":"https:\/\/www.alchymiarakia.com\/wp-content\/uploads\/2024\/06\/Prodavnica-Viljamovka.jpg","contentUrl":"https:\/\/www.alchymiarakia.com\/wp-content\/uploads\/2024\/06\/Prodavnica-Viljamovka.jpg","width":1094,"height":1642},{"@type":"BreadcrumbList","@id":"https:\/\/www.alchymiarakia.com\/product\/alchymia-viljamovka\/#breadcrumb","itemListElement":[{"@type":"ListItem","position":1,"name":"\u041f\u043e\u0447\u0435\u0442\u043d\u0430","item":"https:\/\/www.alchymiarakia.com\/"},{"@type":"ListItem","position":2,"name":"PRODAJA","item":"https:\/\/www.alchymiarakia.com\/prodaja\/"},{"@type":"ListItem","position":3,"name":"Alchymia \u2013 viljamovka"}]},{"@type":"WebSite","@id":"https:\/\/www.alchymiarakia.com\/#website","url":"https:\/\/www.alchymiarakia.com\/","name":"Alchymia","description":"Izvor \u017eivota","publisher":{"@id":"https:\/\/www.alchymiarakia.com\/#organization"},"potentialAction":[{"@type":"SearchAction","target":{"@type":"EntryPoint","urlTemplate":"https:\/\/www.alchymiarakia.com\/?s={search_term_string}"},"query-input":{"@type":"PropertyValueSpecification","valueRequired":true,"valueName":"search_term_string"}}],"inLanguage":"en-US"},{"@type":"Organization","@id":"https:\/\/www.alchymiarakia.com\/#organization","name":"Alchymia","url":"https:\/\/www.alchymiarakia.com\/","logo":{"@type":"ImageObject","inLanguage":"en-US","@id":"https:\/\/www.alchymiarakia.com\/#\/schema\/logo\/image\/","url":"https:\/\/www.alchymiarakia.com\/wp-content\/uploads\/2021\/05\/logo-alchimia-min-e1620556906744.png","contentUrl":"https:\/\/www.alchymiarakia.com\/wp-content\/uploads\/2021\/05\/logo-alchimia-min-e1620556906744.png","width":324,"height":34,"caption":"Alchymia"},"image":{"@id":"https:\/\/www.alchymiarakia.com\/#\/schema\/logo\/image\/"},"sameAs":["https:\/\/www.facebook.com\/Alchymia-rakija-104273315172852","https:\/\/www.instagram.com\/alchymiarakija"]}]}},"_links":{"self":[{"href":"https:\/\/www.alchymiarakia.com\/en\/wp-json\/wp\/v2\/product\/1697","targetHints":{"allow":["GET"]}}],"collection":[{"href":"https:\/\/www.alchymiarakia.com\/en\/wp-json\/wp\/v2\/product"}],"about":[{"href":"https:\/\/www.alchymiarakia.com\/en\/wp-json\/wp\/v2\/types\/product"}],"replies":[{"embeddable":true,"href":"https:\/\/www.alchymiarakia.com\/en\/wp-json\/wp\/v2\/comments?post=1697"}],"wp:featuredmedia":[{"embeddable":true,"href":"https:\/\/www.alchymiarakia.com\/en\/wp-json\/wp\/v2\/media\/1686"}],"wp:attachment":[{"href":"https:\/\/www.alchymiarakia.com\/en\/wp-json\/wp\/v2\/media?parent=1697"}],"wp:term":[{"taxonomy":"product_brand","embeddable":true,"href":"https:\/\/www.alchymiarakia.com\/en\/wp-json\/wp\/v2\/product_brand?post=1697"},{"taxonomy":"product_cat","embeddable":true,"href":"https:\/\/www.alchymiarakia.com\/en\/wp-json\/wp\/v2\/product_cat?post=1697"},{"taxonomy":"product_tag","embeddable":true,"href":"https:\/\/www.alchymiarakia.com\/en\/wp-json\/wp\/v2\/product_tag?post=1697"}],"curies":[{"name":"wp","href":"https:\/\/api.w.org\/{rel}","templated":true}]}}